{"id":290,"date":"2021-09-07T17:57:49","date_gmt":"2021-09-07T20:57:49","guid":{"rendered":"http:\/\/postoagua.com\/?page_id=290"},"modified":"2021-10-27T15:43:47","modified_gmt":"2021-10-27T18:43:47","slug":"fundadora","status":"publish","type":"page","link":"https:\/\/postoagua.com\/it\/fundadora\/","title":{"rendered":"FONDATRICE"},"content":{"rendered":"<p>Nata a Rio de Janeiro nel 1960, Isa Graell si \u00e8 laureata in ingegneria della produzione industriale, e in seguito ha ottenuto un MBA \u2013 Master in Business Administration, dall\u2019Universit\u00e0 Federale di Rio de Janeiro &#8211; UFRJ. Si \u00e8 trasferita in Italia nel 1988, dove \u00e8 rimasta fino al 2001, quando \u00e8 ritornata in Brasile. Praticante dello yoga e della meditazione dai suoi venti anni, si \u00e8 certificata come istruttrice nel metodo di Yoga Iyengar nel 2012. Intuizione sommata al suo allenamento tecnico ha rafforzato la sua tendenza a vedere il mondo manifestarsi come un continuo interconnettersi di processi. Nel 2016 ha ottenuto un MSc in Scienze Olistiche nel Schumacher College, Devon, UK, iniziando cos\u00ec la sua ricerca su come migliorare ed espandere la consapevolezza del valore intrinseco degli ecosistemi, con scopo di diffondere un atteggiamento allineato con la manutenzione della vita e salute nel nostro pianeta. In seguito, ha fondato <strong>P.O.S.T.O. \u00c1gua <\/strong>e da allora pratica ed insegna il suo metodo in Brasile ed altrove.<\/p>\n<p>&nbsp;<\/p>\n<p><img decoding=\"async\" src=\"http:\/\/postoagua.com\/wp-content\/uploads\/2019\/06\/FIT_026.jpg\" \/><\/p>\n<h4><em>\u00a0<\/em><\/h4>\n<h4><em>\u201cMi interessa conoscere gli esseri viventi nel loro habitat, capire come sopravvivono e prosperano, essere testimone dalla loro rigenerazione ed osservare come l\u2019acqua circola in questo ambiente.\u00a0 Mi interessa coltivare la piacevole sensazione che affiora dal contatto con la natura. Nel cercare modi per incentivare la conservazione ambientale, ho frequentato il Shumacher College, a Devon, Regno Unito. Li ho avuto il mio primo contatto con l\u2019Empirismo Delicato, dopodich\u00e9 ho capito che questo approccio crea un vincolo fra chi lo pratica ed il fenomeno studiato. Mi \u00e8 sembrata un\u2019attivit\u00e0 utile per diffondere un atteggiamento che privilegia la conservazione, la preservazione e il recupero degli ecosistemi. Sono pertanto impegnata ad usare una pratica che prende ispirazione da questo metodo per accorciare i tempi di risposta fra il diffondere di informazioni sul riscaldamento globale e la degradazione ambientale, e l\u2019implementazione dei cambiamenti di atteggiamento tanto necessari per noi in questo momento.\u201d<\/em><\/h4>\n<h4><em>\u00a0<\/em><\/h4>\n<p>&nbsp;<\/p>","protected":false},"excerpt":{"rendered":"<p>Nata a Rio de Janeiro nel 1960, Isa Graell si \u00e8 laureata in ingegneria della produzione industriale, e in seguito ha ottenuto un MBA \u2013 Master in Business Administration, dall\u2019Universit\u00e0 Federale di Rio de Janeiro &#8211; UFRJ. Si \u00e8 trasferita in Italia nel 1988, dove \u00e8 rimasta fino al 2001, quando \u00e8 ritornata in Brasile. [&hellip;]<\/p>\n","protected":false},"author":1,"featured_media":291,"parent":0,"menu_order":0,"comment_status":"closed","ping_status":"closed","template":"fundadora.php","meta":{"_acf_changed":false,"footnotes":""},"class_list":["post-290","page","type-page","status-publish","has-post-thumbnail","hentry"],"acf":[],"_links":{"self":[{"href":"https:\/\/postoagua.com\/it\/wp-json\/wp\/v2\/pages\/290","targetHints":{"allow":["GET"]}}],"collection":[{"href":"https:\/\/postoagua.com\/it\/wp-json\/wp\/v2\/pages"}],"about":[{"href":"https:\/\/postoagua.com\/it\/wp-json\/wp\/v2\/types\/page"}],"author":[{"embeddable":true,"href":"https:\/\/postoagua.com\/it\/wp-json\/wp\/v2\/users\/1"}],"replies":[{"embeddable":true,"href":"https:\/\/postoagua.com\/it\/wp-json\/wp\/v2\/comments?post=290"}],"version-history":[{"count":35,"href":"https:\/\/postoagua.com\/it\/wp-json\/wp\/v2\/pages\/290\/revisions"}],"predecessor-version":[{"id":443,"href":"https:\/\/postoagua.com\/it\/wp-json\/wp\/v2\/pages\/290\/revisions\/443"}],"wp:featuredmedia":[{"embeddable":true,"href":"https:\/\/postoagua.com\/it\/wp-json\/wp\/v2\/media\/291"}],"wp:attachment":[{"href":"https:\/\/postoagua.com\/it\/wp-json\/wp\/v2\/media?parent=290"}],"curies":[{"name":"wp","href":"https:\/\/api.w.org\/{rel}","templated":true}]}}